{"id":35,"date":"2014-12-02T00:15:45","date_gmt":"2014-12-01T22:15:45","guid":{"rendered":"http:\/\/tierfriedhof-steglitz.de\/?page_id=35"},"modified":"2023-04-05T10:52:24","modified_gmt":"2023-04-05T08:52:24","slug":"startseite","status":"publish","type":"page","link":"https:\/\/tierfriedhof-steglitz.de\/","title":{"rendered":"B\u00e4rolina Haustierbestattungen"},"content":{"rendered":"<p><strong><span style=\"color: #008000;\">f\u00fchrt seit 2002 Erd- &amp; Feuerbestattungen verstorbener Haustiere in Berlin \/ Brandenburg durch. Der B\u00e4rliner Tierfriedhof Steglitz bietet auf&nbsp; \u00fcber 4.000 qm preiswerte Gemeinschafts- oder Einzelwahlgr\u00e4ber unterschiedlicher Gr\u00f6\u00dfe an. Einen \u00dcberblick \u00fcber unsere Dienstleistungen finden Sie auf den nachfolgenden Seiten.<\/span><\/strong><\/p>\n<table style=\"text-align: center;\" width=\"99%\">\n<tbody>\n<tr>\n<td valign=\"top\">\n<table style=\"text-align: center;\" border=\"0&quot;\" width=\"100%\">\n<tbody>\n<tr>\n<td><img loading=\"lazy\" decoding=\"async\" class=\"alignnone size-medium wp-image-41\" src=\"http:\/\/tierfriedhof-steglitz.de\/wp-content\/uploads\/Baum1-300x220.jpg\" alt=\"Baum1\" width=\"300\" height=\"220\" srcset=\"https:\/\/tierfriedhof-steglitz.de\/wp-content\/uploads\/Baum1-300x220.jpg 300w, https:\/\/tierfriedhof-steglitz.de\/wp-content\/uploads\/Baum1.jpg 330w\" sizes=\"auto, (max-width: 300px) 100vw, 300px\" \/><\/td>\n<td><img loading=\"lazy\" decoding=\"async\" class=\"alignnone size-medium wp-image-43\" src=\"http:\/\/tierfriedhof-steglitz.de\/wp-content\/uploads\/Baum2-300x221.jpg\" alt=\"Baum2\" width=\"300\" height=\"221\" srcset=\"https:\/\/tierfriedhof-steglitz.de\/wp-content\/uploads\/Baum2-300x221.jpg 300w, https:\/\/tierfriedhof-steglitz.de\/wp-content\/uploads\/Baum2.jpg 329w\" sizes=\"auto, (max-width: 300px) 100vw, 300px\" \/><\/td>\n<\/tr>\n<tr>\n<td style=\"text-align: center;\" colspan=\"3\">\n<h4><strong><span style=\"color: #008000;\"><a href=\"http:\/\/tierfriedhof-steglitz.de\/wp-content\/uploads\/leben.jpg\"><img loading=\"lazy\" decoding=\"async\" class=\"alignnone size-full wp-image-377\" src=\"http:\/\/tierfriedhof-steglitz.de\/wp-content\/uploads\/leben.jpg\" alt=\"leben\" width=\"617\" height=\"34\" srcset=\"https:\/\/tierfriedhof-steglitz.de\/wp-content\/uploads\/leben.jpg 617w, https:\/\/tierfriedhof-steglitz.de\/wp-content\/uploads\/leben-300x16.jpg 300w\" sizes=\"auto, (max-width: 617px) 100vw, 617px\" \/><\/a><\/span><\/strong><\/h4>\n<\/td>\n<\/tr>\n<tr>\n<td><img loading=\"lazy\" decoding=\"async\" class=\"alignnone size-medium wp-image-44\" src=\"http:\/\/tierfriedhof-steglitz.de\/wp-content\/uploads\/Baum3-300x224.jpg\" alt=\"Baum3\" width=\"300\" height=\"224\" srcset=\"https:\/\/tierfriedhof-steglitz.de\/wp-content\/uploads\/Baum3-300x224.jpg 300w, https:\/\/tierfriedhof-steglitz.de\/wp-content\/uploads\/Baum3.jpg 334w\" sizes=\"auto, (max-width: 300px) 100vw, 300px\" \/><\/td>\n<td><img loading=\"lazy\" decoding=\"async\" class=\"alignnone size-medium wp-image-45\" src=\"http:\/\/tierfriedhof-steglitz.de\/wp-content\/uploads\/Baum4-300x228.jpg\" alt=\"Baum4\" width=\"300\" height=\"228\" srcset=\"https:\/\/tierfriedhof-steglitz.de\/wp-content\/uploads\/Baum4-300x228.jpg 300w, https:\/\/tierfriedhof-steglitz.de\/wp-content\/uploads\/Baum4.jpg 331w\" sizes=\"auto, (max-width: 300px) 100vw, 300px\" \/><\/td>\n<\/tr>\n<\/tbody>\n<\/table>\n<\/td>\n<td style=\"text-align: center; vertical-align: top;\" width=\"300\"><strong><strong><span style=\"color: #008000;\">In Memoriam<\/span><\/strong><\/strong><span style=\"color: #008000;\">Raven1991 &#8211; 2002 &amp; Lilly 1998-2013<\/span><img loading=\"lazy\" decoding=\"async\" class=\"wp-image-54\" src=\"http:\/\/tierfriedhof-steglitz.de\/wp-content\/uploads\/Raven.jpg\" alt=\"Raven\" width=\"75\" height=\"76\"> &nbsp; &nbsp; &nbsp; <a href=\"http:\/\/tierfriedhof-steglitz.de\/wp-content\/uploads\/Lilly_Portrait_klein3-e1418580055893.jpg\"><img loading=\"lazy\" decoding=\"async\" class=\"wp-image-406\" src=\"http:\/\/tierfriedhof-steglitz.de\/wp-content\/uploads\/Lilly_Portrait_klein3-e1418580055893.jpg\" alt=\"Lilly_Portrait_klein\" width=\"61\" height=\"72\"><\/a><p><\/p>\n<h3><strong><span style=\"color: #008000;\">Erreichbar<\/span><\/strong><br><strong><span style=\"color: #008000;\"> auch am Wochenende<\/span><\/strong><br><strong><span style=\"color: #008000;\"> &amp; an Feiertagen<\/span><\/strong><\/h3>\n<h3><strong><span style=\"color: #008000;\">Inh. Richard Mitschke<br>Bismarckstra\u00dfe 52,<br>12169 Berlin Steglitz<br>Tel: 030- 703 703 39<br>Fax: 030- 703 702 40<\/span><\/strong><\/h3>\n<p><\/p>\n<p><strong><span style=\"color: #008000;\">Alle Preisangaben sind Kunden-Endpreise<\/span><\/strong><br><strong><span style=\"color: #008000;\">incl. gesetzl. MwSt.<\/span><\/strong><\/p>\n<h6><strong><span style=\"color: #008000;\">Bez.Amt Steglitz-Zehlendorf v.Berlin<br>Vet.-Amt amtl. Register-Nr.<br>DE 11 006 0002 001 <\/span><\/strong><\/h6>\n<h6><strong><span style=\"color: #008000;\">&nbsp;<\/span><\/strong><\/h6>\n<\/td>\n<\/tr>\n<\/tbody>\n<\/table>\n\n<div class=\"wp-block-image\">\n<figure class=\"aligncenter size-large\"><a href=\"\/wp-content\/uploads\/360\/start.html\"><img loading=\"lazy\" decoding=\"async\" width=\"1024\" height=\"512\" src=\"https:\/\/tierfriedhof-steglitz.de\/wp-content\/uploads\/00-1024x512.jpg\" alt=\"\" class=\"wp-image-610\" srcset=\"https:\/\/tierfriedhof-steglitz.de\/wp-content\/uploads\/00-1024x512.jpg 1024w, https:\/\/tierfriedhof-steglitz.de\/wp-content\/uploads\/00-300x150.jpg 300w, https:\/\/tierfriedhof-steglitz.de\/wp-content\/uploads\/00-768x384.jpg 768w, https:\/\/tierfriedhof-steglitz.de\/wp-content\/uploads\/00-1536x768.jpg 1536w, https:\/\/tierfriedhof-steglitz.de\/wp-content\/uploads\/00.jpg 1920w\" sizes=\"auto, (max-width: 1024px) 100vw, 1024px\" \/><\/a><figcaption class=\"wp-element-caption\"><strong>Tierfriedhof Steglitz in 360\u00b0 &#8211; Bitte aufs Bild klicken !<\/strong><\/figcaption><\/figure>\n<\/div>","protected":false},"excerpt":{"rendered":"<p>f\u00fchrt seit 2002 Erd- &amp; Feuerbestattungen verstorbener Haustiere in Berlin \/ Brandenburg durch. Der B\u00e4rliner Tierfriedhof Steglitz bietet auf&nbsp; \u00fcber 4.000 qm preiswerte Gemeinschafts- oder Einzelwahlgr\u00e4ber unterschiedlicher Gr\u00f6\u00dfe an. Einen \u00dcberblick \u00fcber unsere Dienstleistungen finden Sie auf den nachfolgenden Seiten. In MemoriamRaven1991 &#8211; 2002 &amp; Lilly 1998-2013 &nbsp; &nbsp; &nbsp; Erreichbar auch am Wochenende &amp;&hellip;<\/p>\n","protected":false},"author":1,"featured_media":0,"parent":0,"menu_order":0,"comment_status":"closed","ping_status":"closed","template":"","meta":{"footnotes":""},"class_list":["post-35","page","type-page","status-publish","hentry"],"_links":{"self":[{"href":"https:\/\/tierfriedhof-steglitz.de\/index.php?rest_route=\/wp\/v2\/pages\/35","targetHints":{"allow":["GET"]}}],"collection":[{"href":"https:\/\/tierfriedhof-steglitz.de\/index.php?rest_route=\/wp\/v2\/pages"}],"about":[{"href":"https:\/\/tierfriedhof-steglitz.de\/index.php?rest_route=\/wp\/v2\/types\/page"}],"author":[{"embeddable":true,"href":"https:\/\/tierfriedhof-steglitz.de\/index.php?rest_route=\/wp\/v2\/users\/1"}],"replies":[{"embeddable":true,"href":"https:\/\/tierfriedhof-steglitz.de\/index.php?rest_route=%2Fwp%2Fv2%2Fcomments&post=35"}],"version-history":[{"count":74,"href":"https:\/\/tierfriedhof-steglitz.de\/index.php?rest_route=\/wp\/v2\/pages\/35\/revisions"}],"predecessor-version":[{"id":619,"href":"https:\/\/tierfriedhof-steglitz.de\/index.php?rest_route=\/wp\/v2\/pages\/35\/revisions\/619"}],"wp:attachment":[{"href":"https:\/\/tierfriedhof-steglitz.de\/index.php?rest_route=%2Fwp%2Fv2%2Fmedia&parent=35"}],"curies":[{"name":"wp","href":"https:\/\/api.w.org\/{rel}","templated":true}]}}