{"id":22,"date":"2014-01-28T01:51:26","date_gmt":"2014-01-27T23:51:26","guid":{"rendered":"http:\/\/tierfriedhof-steglitz.de\/?page_id=22"},"modified":"2021-02-28T18:43:28","modified_gmt":"2021-02-28T16:43:28","slug":"kontakt-impressum","status":"publish","type":"page","link":"https:\/\/tierfriedhof-steglitz.de\/?page_id=22","title":{"rendered":"Kontakt &#038; Impressum"},"content":{"rendered":"\n<div class=\"wp-block-columns is-layout-flex wp-container-core-columns-is-layout-9d6595d7 wp-block-columns-is-layout-flex\">\n<div class=\"wp-block-column is-layout-flow wp-block-column-is-layout-flow\" style=\"flex-basis:100%\">\n<div class=\"wp-block-group\"><div class=\"wp-block-group__inner-container is-layout-flow wp-block-group-is-layout-flow\">\n<p><img loading=\"lazy\" decoding=\"async\" class=\"aligncenter\" src=\"http:\/\/tierfriedhof-steglitz.de\/wp-content\/uploads\/Stadtplan1.jpg\" alt=\"Stadtplan\" width=\"349\" height=\"249\" \/><\/p>\n<p style=\"text-align: center;\">Inh. Richard Mitschke<br \/>Bismarckstra\u00dfe 52<br \/>12169 Berlin &#8211; Steglitz<\/p>\n<hr \/>\n<h5 style=\"text-align: center;\"><span style=\"color: #339966;\"><em><strong>Tel. 030 703 703 39<\/strong><\/em><\/span><\/h5>\n<hr \/><br \/>\n<h5 style=\"text-align: center;\">Fax 030 703 702 40<\/h5>\n<h5>\u00a0<\/h5>\n<h5>Bez.Amt Steglitz-Zehlendorf v. Berlin, Kirchstra\u00dfe 1-3, 14163 Berlin<\/h5>\n<p>amtl. Zulassungsnr. DE 11 006 0001 23<\/p>\n<p>Datenschutzerkl\u00e4rung:<\/p>\n<p>Bei uns wird Datenschutz ernst genommen. Wir verwenden Ihre Daten ausschlie\u00dflich zur Abwicklung Ihres Auftrages und f\u00fcr Ihre Informationen rund um Ihrer Grabst\u00e4tte. Dies umfa\u00dft z. B. den Ablauf des Nutzungsrechtes incl. Informationen \u00fcber Verl\u00e4ngerungsm\u00f6glichkeiten oder Angebote z. B. bez\u00fcglich Grabpflege oder \u00e4hnliches. Hierf\u00fcr werden Ihre Daten elektronisch gespeichert.<\/p>\n<p>Eine Weitergabe Ihrer Daten an Dritte ohne Ihren ausdr\u00fccklichen Wunsch erfolgt nicht. Ausgenommen von dieser Weitergabe sind Stellen und Beh\u00f6rden, die die Daten z. B. auf gesetzlichen Grundlagen ben\u00f6tigen, z. B. Finanzamt oder Steuerberater.<\/p>\n<p>Bei Auftragserteilung erkl\u00e4rt sich der Auftraggeber ausdr\u00fccklich mit der Speicherung seiner Daten zu den oben angegebenen Zwecken einverstanden.<\/p>\n<p>Disclaimer<\/p>\n<div id=\"t3-content\" class=\"col t3-content col-md-8\">\n<div class=\"item-row row-main\">\n<div class=\"article-main\">\n<article class=\"article\">\n<section class=\"article-full \">\n<div class=\"article-content-main\">\n<section class=\"article-content\">\n<div id=\"dmaker_preview\" class=\"code\">\n<div id=\"dmaker_preview_disclaimer\">\n<p><strong>Haftung f\u00fcr Inhalte<\/strong><\/p>\n<p>Als Diensteanbieter sind wir gem\u00e4\u00df \u00a7 7 Abs.1 TMG f\u00fcr eigene Inhalte auf diesen Seiten nach den allgemeinen Gesetzen verantwortlich. Nach \u00a7\u00a7 8 bis 10 TMG sind wir als Diensteanbieter jedoch nicht verpflichtet, \u00fcbermittelte oder gespeicherte fremde Informationen zu \u00fcberwachen oder nach Umst\u00e4nden zu forschen, die auf eine rechtswidrige T\u00e4tigkeit hinweisen. Verpflichtungen zur Entfernung oder Sperrung der Nutzung von Informationen nach den allgemeinen Gesetzen bleiben hiervon unber\u00fchrt. Eine diesbez\u00fcgliche Haftung ist jedoch erst ab dem Zeitpunkt der Kenntnis einer konkreten Rechtsverletzung m\u00f6glich. Bei Bekanntwerden von entsprechenden Rechtsverletzungen werden wir diese Inhalte umgehend entfernen.<\/p>\n<p><strong>Haftung f\u00fcr Links<\/strong><\/p>\n<p>Unser Angebot enth\u00e4lt Links zu externen Webseiten Dritter, auf deren Inhalte wir keinen Einfluss haben. Deshalb k\u00f6nnen wir f\u00fcr diese fremden Inhalte auch keine Gew\u00e4hr \u00fcbernehmen. F\u00fcr die Inhalte der verlinkten Seiten ist stets der jeweilige Anbieter oder Betreiber der Seiten verantwortlich. Die verlinkten Seiten wurden zum Zeitpunkt der Verlinkung auf m\u00f6gliche Rechtsverst\u00f6\u00dfe \u00fcberpr\u00fcft. Rechtswidrige Inhalte waren zum Zeitpunkt der Verlinkung nicht erkennbar. Eine permanente inhaltliche Kontrolle der verlinkten Seiten ist jedoch ohne konkrete Anhaltspunkte einer Rechtsverletzung nicht zumutbar. Bei Bekanntwerden von Rechtsverletzungen werden wir derartige Links umgehend entfernen.<\/p>\n<p><strong>Urheberrecht<\/strong><\/p>\n<p>Die durch die Seitenbetreiber erstellten Inhalte und Werke auf diesen Seiten unterliegen dem deutschen Urheberrecht. Die Vervielf\u00e4ltigung, Bearbeitung, Verbreitung und jede Art der Verwertung au\u00dferhalb der Grenzen des Urheberrechtes bed\u00fcrfen der schriftlichen Zustimmung des jeweiligen Autors bzw. Erstellers. Downloads und Kopien dieser Seite sind nur f\u00fcr den privaten, nicht kommerziellen Gebrauch gestattet. Soweit die Inhalte auf dieser Seite nicht vom Betreiber erstellt wurden, werden die Urheberrechte Dritter beachtet. Insbesondere werden Inhalte Dritter als solche gekennzeichnet. Sollten Sie trotzdem auf eine Urheberrechtsverletzung aufmerksam werden, bitten wir um einen entsprechenden Hinweis. Bei Bekanntwerden von Rechtsverletzungen werden wir derartige Inhalte umgehend entfernen.<\/p>\n<p><i>Quellenangabe: <a href=\"http:\/\/www.e-recht24.de\/muster-disclaimer.html\" target=\"_blank\" rel=\"nofollow noopener\">eRecht24<\/a><\/i><\/p>\n<\/div>\n<\/div>\n<\/section>\n<\/div>\n<\/section>\n<\/article>\n<\/div>\n<\/div>\n<\/div>\n<div class=\"col t3-sidebar t3-sidebar-right col-md-4 \">\n<div id=\"Mod334\" class=\"t3-module module newsletterbox greybox \">\n<div class=\"module-inner\">\n<div class=\"module-ct\">\u00a0<\/div>\n<\/div>\n<\/div>\n<\/div>\n<div id=\"Mod334\" class=\"t3-module module newsletterbox greybox \">\u00a0<\/div>\n<div id=\"Mod251\" class=\"t3-module module \">\n<div class=\"module-inner\">\n<div class=\"module-ct\">\n<div id=\"wc-wrap\">\u00a0<\/div>\n<\/div>\n<\/div>\n<\/div>\n<\/div><\/div>\n<\/div>\n<\/div>\n","protected":false},"excerpt":{"rendered":"<p>Inh. Richard MitschkeBismarckstra\u00dfe 5212169 Berlin &#8211; Steglitz Tel. 030 703 703 39 Fax 030 703 702 40 \u00a0 Bez.Amt Steglitz-Zehlendorf v. Berlin, Kirchstra\u00dfe 1-3, 14163 Berlin amtl. Zulassungsnr. DE 11 006 0001 23 Datenschutzerkl\u00e4rung: Bei uns wird Datenschutz ernst genommen. Wir verwenden Ihre Daten ausschlie\u00dflich zur Abwicklung Ihres Auftrages und f\u00fcr Ihre Informationen rund um&hellip;<\/p>\n","protected":false},"author":1,"featured_media":0,"parent":0,"menu_order":5,"comment_status":"closed","ping_status":"closed","template":"","meta":{"footnotes":""},"class_list":["post-22","page","type-page","status-publish","hentry"],"_links":{"self":[{"href":"https:\/\/tierfriedhof-steglitz.de\/index.php?rest_route=\/wp\/v2\/pages\/22","targetHints":{"allow":["GET"]}}],"collection":[{"href":"https:\/\/tierfriedhof-steglitz.de\/index.php?rest_route=\/wp\/v2\/pages"}],"about":[{"href":"https:\/\/tierfriedhof-steglitz.de\/index.php?rest_route=\/wp\/v2\/types\/page"}],"author":[{"embeddable":true,"href":"https:\/\/tierfriedhof-steglitz.de\/index.php?rest_route=\/wp\/v2\/users\/1"}],"replies":[{"embeddable":true,"href":"https:\/\/tierfriedhof-steglitz.de\/index.php?rest_route=%2Fwp%2Fv2%2Fcomments&post=22"}],"version-history":[{"count":21,"href":"https:\/\/tierfriedhof-steglitz.de\/index.php?rest_route=\/wp\/v2\/pages\/22\/revisions"}],"predecessor-version":[{"id":562,"href":"https:\/\/tierfriedhof-steglitz.de\/index.php?rest_route=\/wp\/v2\/pages\/22\/revisions\/562"}],"wp:attachment":[{"href":"https:\/\/tierfriedhof-steglitz.de\/index.php?rest_route=%2Fwp%2Fv2%2Fmedia&parent=22"}],"curies":[{"name":"wp","href":"https:\/\/api.w.org\/{rel}","templated":true}]}}