{"id":20,"date":"2014-01-28T01:51:08","date_gmt":"2014-01-27T23:51:08","guid":{"rendered":"http:\/\/tierfriedhof-steglitz.de\/?page_id=20"},"modified":"2014-12-31T17:26:37","modified_gmt":"2014-12-31T15:26:37","slug":"regenbogenbruecke","status":"publish","type":"page","link":"https:\/\/tierfriedhof-steglitz.de\/?page_id=20","title":{"rendered":"Die Regenbogenbr\u00fccke"},"content":{"rendered":"<p><img loading=\"lazy\" decoding=\"async\" class=\"alignnone size-full wp-image-104\" src=\"http:\/\/tierfriedhof-steglitz.de\/wp-content\/uploads\/regenbogen2.jpg\" alt=\"regenbogen2\" width=\"879\" height=\"571\" srcset=\"https:\/\/tierfriedhof-steglitz.de\/wp-content\/uploads\/regenbogen2.jpg 879w, https:\/\/tierfriedhof-steglitz.de\/wp-content\/uploads\/regenbogen2-300x194.jpg 300w\" sizes=\"auto, (max-width: 879px) 100vw, 879px\" \/><\/p>\n<p><strong><span style=\"color: #008000;\">verbindet Himmel und Erde. Wegen ihrer vielen bunten Farben nennt man sie Br\u00fccke des Regenbogens. Auf der Seite jenseits dieser Br\u00fccke liegt das Paradies mit Wiesen, gr\u00fcnem Gras, bunten Blumen, bl\u00fchenden B\u00e4umen, Str\u00e4uchern und sanften H\u00fcgeln .<\/span><\/strong><\/p>\n<p><strong><span style=\"color: #008000;\">Wenn ein geliebtes Tier auf Erden eingeschlafen ist, geht es zu diesem wundersch\u00f6nen Ort. Dort gibt es immer etwas zu fressen und zu trinken. Es ist immer sch\u00f6nes, warmes Sommerwetter.<\/span><\/strong><\/p>\n<p><strong><span style=\"color: #008000;\">Die alten und kranken Tiere werden im Land hinter dem Regenbogen wieder jung und gesund. Sie spielen den ganzen Tag zusammen und tollen fr\u00f6hlich umher. Unsere Tiere sind dort unbeschwert, gl\u00fccklich und zufrieden. Nur etwas gibt es, was sie vermissen: Sie sind alle nicht mit dem Menschen zusammen, der sie auf Erden so sehr geliebt hat.<\/span><\/strong><\/p>\n<p><strong><span style=\"color: #008000;\">So laufen und spielen sie jeden Tag zusammen, bis eines Tages pl\u00f6tzlich eines von ihnen inneh\u00e4lt und aufsieht. Die Nase bebt, die Ohren stellen sich nach vorn und die Augen werden gro\u00df, leuchten und gl\u00e4nzen. Pl\u00f6tzlich rennt es aus der Gruppe, fliegt \u00fcber die gro\u00dfe Wiese, wird schneller und schneller. Es hat Dich gesehen. Wenn Du Deinen Liebling triffst, nimmst Du ihn f\u00fcr immer in Deine Arme, h\u00e4ltst ihn fest und bist f\u00fcr immer mit ihm verbunden.<\/span><\/strong><\/p>\n<p><small><br \/>\n<strong><span style=\"color: #008000;\"> Quelle unbekannt, vermutlich indianischen Ursprungs.<\/span><\/strong><br \/>\n<strong><span style=\"color: #008000;\"> Die Sandsteinformation &#8222;Rainbow Bridge&#8220; ist ein Heiligtum der Navajo Indianer in einem Seitencanyon des Lake Powel in Utha \/ USA. Sie ist mit einer Spannweite von 82m, einer H\u00f6he von 88m einer Breite von 10m und einer St\u00e4rke von 12m die gr\u00f6\u00dfte nat\u00fcrliche Sandsteinbr\u00fccke der Welt. Nach einer Legende der Navajos stellt die Br\u00fccke die einzige Verbindung zwischen der Vorwelt und der heutigen Welt dar (aus Wikipedia).<\/span><\/strong><br \/>\n<strong><span style=\"color: #008000;\"> Ursprung m\u00f6glicherweise ltd. www.indigo.org Gedicht von Paul C. Dahm, aus dem Englischen \/ Amerikanischen \u00fcbersetzt von Dr. med.ved. Carmen St\u00e4bler, Susanne Gl\u00e4ser und \/ oder Christel Wysocki<\/span><\/strong><br \/>\n<\/small><\/p>\n","protected":false},"excerpt":{"rendered":"<p>verbindet Himmel und Erde. Wegen ihrer vielen bunten Farben nennt man sie Br\u00fccke des Regenbogens. Auf der Seite jenseits dieser Br\u00fccke liegt das Paradies mit Wiesen, gr\u00fcnem Gras, bunten Blumen, bl\u00fchenden B\u00e4umen, Str\u00e4uchern und sanften H\u00fcgeln . Wenn ein geliebtes Tier auf Erden eingeschlafen ist, geht es zu diesem wundersch\u00f6nen Ort. Dort gibt es immer&hellip;<\/p>\n","protected":false},"author":1,"featured_media":0,"parent":0,"menu_order":4,"comment_status":"closed","ping_status":"closed","template":"","meta":{"footnotes":""},"class_list":["post-20","page","type-page","status-publish","hentry"],"_links":{"self":[{"href":"https:\/\/tierfriedhof-steglitz.de\/index.php?rest_route=\/wp\/v2\/pages\/20","targetHints":{"allow":["GET"]}}],"collection":[{"href":"https:\/\/tierfriedhof-steglitz.de\/index.php?rest_route=\/wp\/v2\/pages"}],"about":[{"href":"https:\/\/tierfriedhof-steglitz.de\/index.php?rest_route=\/wp\/v2\/types\/page"}],"author":[{"embeddable":true,"href":"https:\/\/tierfriedhof-steglitz.de\/index.php?rest_route=\/wp\/v2\/users\/1"}],"replies":[{"embeddable":true,"href":"https:\/\/tierfriedhof-steglitz.de\/index.php?rest_route=%2Fwp%2Fv2%2Fcomments&post=20"}],"version-history":[{"count":6,"href":"https:\/\/tierfriedhof-steglitz.de\/index.php?rest_route=\/wp\/v2\/pages\/20\/revisions"}],"predecessor-version":[{"id":452,"href":"https:\/\/tierfriedhof-steglitz.de\/index.php?rest_route=\/wp\/v2\/pages\/20\/revisions\/452"}],"wp:attachment":[{"href":"https:\/\/tierfriedhof-steglitz.de\/index.php?rest_route=%2Fwp%2Fv2%2Fmedia&parent=20"}],"curies":[{"name":"wp","href":"https:\/\/api.w.org\/{rel}","templated":true}]}}