{"id":140,"date":"2014-01-30T19:49:16","date_gmt":"2014-01-30T17:49:16","guid":{"rendered":"http:\/\/tierfriedhof-steglitz.de\/?page_id=140"},"modified":"2025-10-31T13:08:16","modified_gmt":"2025-10-31T11:08:16","slug":"tierkrematorium","status":"publish","type":"page","link":"https:\/\/tierfriedhof-steglitz.de\/?page_id=140","title":{"rendered":"Feuerbestattung"},"content":{"rendered":"<h3><span style=\"color: #008000;\"><img loading=\"lazy\" decoding=\"async\" class=\"alignnone wp-image-520 size-full\" src=\"https:\/\/tierfriedhof-steglitz.de\/wp-content\/uploads\/Tierkrema-Leipzig.jpg\" alt=\"\" width=\"450\" height=\"246\" srcset=\"https:\/\/tierfriedhof-steglitz.de\/wp-content\/uploads\/Tierkrema-Leipzig.jpg 450w, https:\/\/tierfriedhof-steglitz.de\/wp-content\/uploads\/Tierkrema-Leipzig-300x164.jpg 300w\" sizes=\"auto, (max-width: 450px) 100vw, 450px\" \/><\/span><\/h3>\n<h3><span style=\"color: #008000;\"><strong>In Deutschland gibt es mehrere zugelassene Tierkrematorien. Wir arbeiten mit einem Tierkrematorium au\u00dferhalb Berlins zusammen. Die verstorbenen Haustiere werden vom Tierkrematorium w\u00f6chentlich abgeholt und einge\u00e4schert. Die \u00dcberf\u00fchrung der verstorbenen Haustiere erfolgt in gekennzeichneten und verschlossenen Beh\u00e4ltnissen. Die verstorbenen Haustiere werden von uns mit einem feuerfesten Nummernstein gekennzeichnet, der sich sp\u00e4ter in der Asche befindet. Dadurch ist jederzeit eine Zuordnung m\u00f6glich. <\/strong><\/span><\/h3>\n<table>\n<tbody>\n<tr>\n<td style=\"text-align: center;\" colspan=\"4\"><strong><span style=\"color: #008000;\">Kosten einer Feuerbestattung<\/span><\/strong><\/td>\n<\/tr>\n<tr>\n<td width=\"200\"><strong><span style=\"color: #008000;\">Tiergr\u00f6\u00dfe<\/span><\/strong><\/td>\n<td><strong><span style=\"color: #008000;\">Sammel-Ein\u00e4scherungen<\/span><\/strong><\/td>\n<td><strong><span style=\"color: #008000;\">Einzel-Ein\u00e4scherungen<\/span><\/strong><\/td>\n<td><strong><span style=\"color: #008000;\">Urnengr\u00f6\u00dfe (Inhalt in Liter ca.)<\/span><\/strong><\/td>\n<\/tr>\n<tr>\n<td><strong><span style=\"color: #008000;\">Kleinsttiere bis 1kg<br \/>\n<\/span><\/strong><\/td>\n<td><strong><span style=\"color: #008000;\">145,00 \u20ac<\/span><\/strong><\/td>\n<td><strong><span style=\"color: #008000;\">220,00 \u20ac<\/span><\/strong><\/td>\n<td><strong><span style=\"color: #008000;\">0,5 L<\/span><\/strong><\/td>\n<\/tr>\n<tr>\n<td><strong><span style=\"color: #008000;\">Kleintier bis 4 Kg<\/span><\/strong><\/td>\n<td><strong><span style=\"color: #008000;\">175,00 \u20ac<\/span><\/strong><\/td>\n<td><strong><span style=\"color: #008000;\">260,00 \u20ac<\/span><\/strong><\/td>\n<td><strong><span style=\"color: #008000;\">0,7 L<\/span><\/strong><\/td>\n<\/tr>\n<tr>\n<td><strong><span style=\"color: #008000;\">Kleine Tiere bis 10 Kg<\/span><\/strong><\/td>\n<td><strong><span style=\"color: #008000;\">185,00 \u20ac<\/span><\/strong><\/td>\n<td><strong><span style=\"color: #008000;\">275,00 \u20ac<\/span><\/strong><\/td>\n<td><strong><span style=\"color: #008000;\">1,0 L<\/span><\/strong><\/td>\n<\/tr>\n<tr>\n<td><strong><span style=\"color: #008000;\">Mittelgro\u00dfe Tiere bis 16 Kg<\/span><\/strong><\/td>\n<td><strong><span style=\"color: #008000;\">195,00 \u20ac<\/span><\/strong><\/td>\n<td><strong><span style=\"color: #008000;\">285,00 \u20ac<\/span><\/strong><\/td>\n<td><strong><span style=\"color: #008000;\">1,5 L<\/span><\/strong><\/td>\n<\/tr>\n<tr>\n<td><strong><span style=\"color: #008000;\">Haustiere bis 22 Kg<\/span><\/strong><\/td>\n<td><strong><span style=\"color: #008000;\">205,00 \u20ac<\/span><\/strong><\/td>\n<td><strong><span style=\"color: #008000;\">295,00 \u20ac<\/span><\/strong><\/td>\n<td><strong><span style=\"color: #008000;\">2,0 L<\/span><\/strong><\/td>\n<\/tr>\n<tr>\n<td><strong><span style=\"color: #008000;\">Gro\u00dfe Tiere bis 45 KG<\/span><\/strong><\/td>\n<td><\/td>\n<td><strong><span style=\"color: #008000;\">325,00 \u20ac<\/span><\/strong><\/td>\n<td><strong><span style=\"color: #008000;\">2,5 L<\/span><\/strong><\/td>\n<\/tr>\n<tr>\n<td><strong><span style=\"color: #008000;\">Gro\u00dfe Tiere bis 75Kg<\/span><\/strong><\/td>\n<td><\/td>\n<td><strong><span style=\"color: #008000;\">345,00 \u20ac<\/span><\/strong><\/td>\n<td><strong><span style=\"color: #008000;\">3,0 L<\/span><\/strong><\/td>\n<\/tr>\n<tr>\n<td><strong><span style=\"color: #008000;\">Sehr gr. Tiere \u00fcber 75 Kg<\/span><\/strong><\/td>\n<td><\/td>\n<td><strong><span style=\"color: #008000;\">375,00 \u20ac<\/span><\/strong><\/td>\n<td><strong><span style=\"color: #008000;\">4,0 L<\/span><\/strong><\/td>\n<\/tr>\n<\/tbody>\n<\/table>\n<p><strong><span style=\"color: #008000;\">Abholung des verstorbenen Haustieres und \u00dcberf\u00fchrung innerhalb Berlins zuz\u00fcglich 80,00\u20ac \/<\/span><span style=\"color: #008000;\"> Abholung im Umland zuz\u00fcglich 1,50 \u20ac \/ Km.<\/span><\/strong><\/p>\n<p><strong><span style=\"color: #008000;\">Unsere Preise sind freibleibend und verstehen sich incl. \u00dcberf\u00fchrung in das Krematorium, Ein\u00e4scherung und der gesetzl. MwSt. <\/span><\/strong><\/p>\n<p><strong><span style=\"color: #008000;\">Aus einem umfangreichen Sortiment verschiedener Hersteller k\u00f6nnen Sie sich f\u00fcr Ihr Tier eine passende Tierurne aus Ton, Keramik, Holz, Metall oder Glas aussuchen. Preis je nach Ausf\u00fchrung und Gr\u00f6\u00dfe ab 50,00 \u20ac.<\/span><\/strong><\/p>\n","protected":false},"excerpt":{"rendered":"<p>In Deutschland gibt es mehrere zugelassene Tierkrematorien. Wir arbeiten mit einem Tierkrematorium au\u00dferhalb Berlins zusammen. Die verstorbenen Haustiere werden vom Tierkrematorium w\u00f6chentlich abgeholt und einge\u00e4schert. Die \u00dcberf\u00fchrung der verstorbenen Haustiere erfolgt in gekennzeichneten und verschlossenen Beh\u00e4ltnissen. Die verstorbenen Haustiere werden von uns mit einem feuerfesten Nummernstein gekennzeichnet, der sich sp\u00e4ter in der Asche befindet. Dadurch&hellip;<\/p>\n","protected":false},"author":1,"featured_media":0,"parent":18,"menu_order":7,"comment_status":"closed","ping_status":"closed","template":"","meta":{"footnotes":""},"class_list":["post-140","page","type-page","status-publish","hentry"],"_links":{"self":[{"href":"https:\/\/tierfriedhof-steglitz.de\/index.php?rest_route=\/wp\/v2\/pages\/140","targetHints":{"allow":["GET"]}}],"collection":[{"href":"https:\/\/tierfriedhof-steglitz.de\/index.php?rest_route=\/wp\/v2\/pages"}],"about":[{"href":"https:\/\/tierfriedhof-steglitz.de\/index.php?rest_route=\/wp\/v2\/types\/page"}],"author":[{"embeddable":true,"href":"https:\/\/tierfriedhof-steglitz.de\/index.php?rest_route=\/wp\/v2\/users\/1"}],"replies":[{"embeddable":true,"href":"https:\/\/tierfriedhof-steglitz.de\/index.php?rest_route=%2Fwp%2Fv2%2Fcomments&post=140"}],"version-history":[{"count":21,"href":"https:\/\/tierfriedhof-steglitz.de\/index.php?rest_route=\/wp\/v2\/pages\/140\/revisions"}],"predecessor-version":[{"id":621,"href":"https:\/\/tierfriedhof-steglitz.de\/index.php?rest_route=\/wp\/v2\/pages\/140\/revisions\/621"}],"up":[{"embeddable":true,"href":"https:\/\/tierfriedhof-steglitz.de\/index.php?rest_route=\/wp\/v2\/pages\/18"}],"wp:attachment":[{"href":"https:\/\/tierfriedhof-steglitz.de\/index.php?rest_route=%2Fwp%2Fv2%2Fmedia&parent=140"}],"curies":[{"name":"wp","href":"https:\/\/api.w.org\/{rel}","templated":true}]}}