{"id":137,"date":"2014-01-30T19:48:39","date_gmt":"2014-01-30T17:48:39","guid":{"rendered":"http:\/\/tierfriedhof-steglitz.de\/?page_id=137"},"modified":"2014-12-31T17:08:50","modified_gmt":"2014-12-31T15:08:50","slug":"grabanalge-pflege","status":"publish","type":"page","link":"https:\/\/tierfriedhof-steglitz.de\/?page_id=137","title":{"rendered":"Grabanlage &#038; -pflege"},"content":{"rendered":"<p><center><strong>\u00a0<a href=\"http:\/\/tierfriedhof-steglitz.de\/wp-content\/uploads\/Vinca-minor-e1418588198166.jpg\"><img loading=\"lazy\" decoding=\"async\" class=\"size-full wp-image-319 alignright\" src=\"http:\/\/tierfriedhof-steglitz.de\/wp-content\/uploads\/Vinca-minor-e1418588198166.jpg\" alt=\"Vinca minor\" width=\"142\" height=\"145\" \/><\/a><\/strong><\/center><strong><span style=\"color: #008000;\">Wir beraten Sie gern und unverbindlich in allen g\u00e4rtnerischen Fragen einer Grabgestaltung f\u00fcr das Grab Ihres Haustieres. Dabei k\u00f6nnen wir auf eine mehr als 30j\u00e4hrige Berufserfahrung als Diplom-Gartenbauingenieur und Friedhofsverwalter im Friedhofswesen Berlins zur\u00fcckblicken.Bei der Gestaltung unseres B\u00e4rliner Tierfriedhofes steht die Natur im Vordergrund. Deshalb sollen die Tiergr\u00e4ber mit Pflanzen gestaltet werden. Kunststoffeinfassungen und k\u00fcnstliche Blumen sollen nicht verwendet werden. Auf trennende Einfassungen sollte verzichtet werden.<\/span><\/strong><br \/>\n<strong><span style=\"color: #008000;\"> Nachstehend geben wir eine \u00dcbersicht \u00fcber die Symbole und Bedeutung einiger Pflanzen wieder :<\/span><\/strong><\/p>\n<p><center><strong><span style=\"color: #008000;\">Beispiele f\u00fcr Symbolpflanzen<\/span><\/strong><\/center><\/p>\n<table>\n<tbody>\n<tr>\n<td width=\"200\"><strong><span style=\"color: #008000;\">Abschied in Liebe<\/span><\/strong><\/td>\n<td><strong><span style=\"color: #008000;\">Vergissmeinnich, rote Rosen<\/span><\/strong><\/td>\n<\/tr>\n<tr>\n<td><strong><span style=\"color: #008000;\">Anlehnung<\/span><\/strong><\/td>\n<td><strong><span style=\"color: #008000;\">Efeu<\/span><\/strong><\/td>\n<\/tr>\n<tr>\n<td><strong><span style=\"color: #008000;\">Ausdauer<\/span><\/strong><\/td>\n<td><strong><span style=\"color: #008000;\">Buchsbaum, Kiefer, Weide, Zeder, Zypresse<\/span><\/strong><\/td>\n<\/tr>\n<tr>\n<td><strong><span style=\"color: #008000;\">Bescheidenheit<\/span><\/strong><\/td>\n<td><strong><span style=\"color: #008000;\">Erdbeere, G\u00e4nsebl\u00fcmchen, Ginster, Heide, Veilchen<\/span><\/strong><\/td>\n<\/tr>\n<tr>\n<td><strong><span style=\"color: #008000;\">Demut<\/span><\/strong><\/td>\n<td><strong><span style=\"color: #008000;\">Akelei, Erdbeere, Veilchen, Ginster, Maigl\u00f6ckchen<\/span><\/strong><\/td>\n<\/tr>\n<tr>\n<td><strong><span style=\"color: #008000;\">Dreieinigkeit<\/span><\/strong><\/td>\n<td><strong><span style=\"color: #008000;\">Akelei, Erdbeere, Klee, Stiefm\u00fctterchen, Waldsteinie, Leberbl\u00fcmchen<\/span><\/strong><\/td>\n<\/tr>\n<tr>\n<td><strong><span style=\"color: #008000;\">Duft<\/span><\/strong><\/td>\n<td><strong><span style=\"color: #008000;\">Hyazinthe, Lavendel, Thymian, Minze, Rose, Rosmarin, Salbei<\/span><\/strong><\/td>\n<\/tr>\n<tr>\n<td><strong><span style=\"color: #008000;\">Ehe<\/span><\/strong><\/td>\n<td><strong><span style=\"color: #008000;\">Efeu, Myrte, Quitte<\/span><\/strong><\/td>\n<\/tr>\n<tr>\n<td><strong><span style=\"color: #008000;\">Erinnerung<\/span><\/strong><\/td>\n<td><strong><span style=\"color: #008000;\">Lavendel, Stiefm\u00fctterchen, Thymian, Vergissmeinnicht<\/span><\/strong><\/td>\n<\/tr>\n<tr>\n<td><strong><span style=\"color: #008000;\">Ewiges Leben<\/span><\/strong><\/td>\n<td><strong><span style=\"color: #008000;\">Buchsbaum, Lorbeer, Narzisse, Ilex-Arten, Wachholder, Zeder<\/span><\/strong><\/td>\n<\/tr>\n<tr>\n<td><strong><span style=\"color: #008000;\">Freundschaft<\/span><\/strong><\/td>\n<td><strong><span style=\"color: #008000;\">Efeu, Ginko, Nelke,Orchidee, Verbene, Weinrebe, Mimose<\/span><\/strong><\/td>\n<\/tr>\n<tr>\n<td><strong><span style=\"color: #008000;\">Fr\u00fchling<\/span><\/strong><\/td>\n<td><strong><span style=\"color: #008000;\">Krokus, Narzisse, Primel, Rose, Veilchen<\/span><\/strong><\/td>\n<\/tr>\n<tr>\n<td><strong><span style=\"color: #008000;\">Heilige B\u00e4ume<\/span><\/strong><\/td>\n<td><strong><span style=\"color: #008000;\">Granatapfel, Mimose, Olive, Tamariske, Wacholder, Zypresse<\/span><\/strong><\/td>\n<\/tr>\n<tr>\n<td><strong><span style=\"color: #008000;\">Heimat<\/span><\/strong><\/td>\n<td><strong><span style=\"color: #008000;\">Heide, Myrte<\/span><\/strong><\/td>\n<\/tr>\n<tr>\n<td><strong><span style=\"color: #008000;\">Herbst<\/span><\/strong><\/td>\n<td><strong><span style=\"color: #008000;\">Chrysantheme, Mistel<\/span><\/strong><\/td>\n<\/tr>\n<tr>\n<td><strong><span style=\"color: #008000;\">Hoffnung<\/span><\/strong><\/td>\n<td><strong><span style=\"color: #008000;\">Anemone, Krokus, Lilie, Primel, Veilchen<\/span><\/strong><\/td>\n<\/tr>\n<tr>\n<td><strong><span style=\"color: #008000;\">Jenseits<\/span><\/strong><\/td>\n<td><strong><span style=\"color: #008000;\">Buchsbaum, Holunder, Hyazinthe<\/span><\/strong><\/td>\n<\/tr>\n<tr>\n<td><strong><span style=\"color: #008000;\">Jesus Christus<\/span><\/strong><\/td>\n<td><strong><span style=\"color: #008000;\">Anemone, Buchsbaum, Enzian, Erdbeere, G\u00e4nsebl\u00fcmchen<\/span><\/strong><\/td>\n<\/tr>\n<tr>\n<td><strong><span style=\"color: #008000;\">Kraft im Leben<\/span><\/strong><\/td>\n<td><strong><span style=\"color: #008000;\">Distel, Verbene, Wachholder<\/span><\/strong><\/td>\n<\/tr>\n<tr>\n<td><strong><span style=\"color: #008000;\">Leben<\/span><\/strong><\/td>\n<td><strong><span style=\"color: #008000;\">Efeu, Getreide, Weinrebe<\/span><\/strong><\/td>\n<\/tr>\n<tr>\n<td><strong><span style=\"color: #008000;\">Langes Leben<\/span><\/strong><\/td>\n<td><strong><span style=\"color: #008000;\">Ginko, K\u00fcrbis, Olive, Pilze<\/span><\/strong><\/td>\n<\/tr>\n<tr>\n<td><strong><span style=\"color: #008000;\">Lebenskraft<\/span><\/strong><\/td>\n<td><strong><span style=\"color: #008000;\">Klee, Mimose, Narzisse, Olive, Myrte, Wacholder<\/span><\/strong><\/td>\n<\/tr>\n<tr>\n<td><strong><span style=\"color: #008000;\">Licht<\/span><\/strong><\/td>\n<td><strong><span style=\"color: #008000;\">Krokus, Lilie, Lorbeer, Mistel<\/span><\/strong><\/td>\n<\/tr>\n<tr>\n<td><strong><span style=\"color: #008000;\">Liebe<\/span><\/strong><\/td>\n<td><strong><span style=\"color: #008000;\">Anemone, Apfel, Enzian, Erdbeere<\/span><\/strong><\/td>\n<\/tr>\n<tr>\n<td><strong><span style=\"color: #008000;\">Mutterliebe<\/span><\/strong><\/td>\n<td><strong><span style=\"color: #008000;\">Bellis, Lotos<\/span><\/strong><\/td>\n<\/tr>\n<tr>\n<td><strong><span style=\"color: #008000;\">Paradies<\/span><\/strong><\/td>\n<td><strong><span style=\"color: #008000;\">Apfel, Feige, Ginster, Myrte, Veilchen<\/span><\/strong><\/td>\n<\/tr>\n<tr>\n<td><strong><span style=\"color: #008000;\">Reinheit<\/span><\/strong><\/td>\n<td><strong><span style=\"color: #008000;\">Bellis, Immergr\u00fcn, Lavendel, Lilie<\/span><\/strong><\/td>\n<\/tr>\n<tr>\n<td><strong><span style=\"color: #008000;\">Schlaf<\/span><\/strong><\/td>\n<td><strong><span style=\"color: #008000;\">Mohn, Narzisse<\/span><\/strong><\/td>\n<\/tr>\n<tr>\n<td><strong><span style=\"color: #008000;\">Tapferkeit<\/span><\/strong><\/td>\n<td><strong><span style=\"color: #008000;\">Iris, Thymian<\/span><\/strong><\/td>\n<\/tr>\n<tr>\n<td><strong><span style=\"color: #008000;\">Tod und Leben<\/span><\/strong><\/td>\n<td><strong><span style=\"color: #008000;\">Buchsbaum, Efeu, Herbstzeitlose, Mimose<\/span><\/strong><\/td>\n<\/tr>\n<tr>\n<td><strong><span style=\"color: #008000;\">Tod<\/span><\/strong><\/td>\n<td><strong><span style=\"color: #008000;\">Eibe, Efeu, Eisenhut, Mohn, Narzisse, Lilie, Mimose, Salbei, Zypresse<\/span><\/strong><\/td>\n<\/tr>\n<tr>\n<td><strong><span style=\"color: #008000;\">Treue<\/span><\/strong><\/td>\n<td><strong><span style=\"color: #008000;\">Buchsbaum, Mistel, Efeu, Enzian, Immergr\u00fcn, Verbene, Vergissmeinnicht<\/span><\/strong><\/td>\n<\/tr>\n<tr>\n<td><strong><span style=\"color: #008000;\">Verg\u00e4nglichkeit<\/span><\/strong><\/td>\n<td><strong><span style=\"color: #008000;\">Anemone, Erdbeere, Krokus, Rose, Schnittblumen, Laub<\/span><\/strong><\/td>\n<\/tr>\n<tr>\n<td><strong><span style=\"color: #008000;\">Weisheit<\/span><\/strong><\/td>\n<td><strong><span style=\"color: #008000;\">Akelei, Hasel, Iris, Krokus, Lilie, Rose<\/span><\/strong><\/td>\n<\/tr>\n<tr>\n<td><strong><span style=\"color: #008000;\">Wiedergeburt<\/span><\/strong><\/td>\n<td><strong><span style=\"color: #008000;\">Getreide, Hasel, Holunder, Mandel, Primel<\/span><\/strong><\/td>\n<\/tr>\n<\/tbody>\n<\/table>\n","protected":false},"excerpt":{"rendered":"<p>\u00a0Wir beraten Sie gern und unverbindlich in allen g\u00e4rtnerischen Fragen einer Grabgestaltung f\u00fcr das Grab Ihres Haustieres. Dabei k\u00f6nnen wir auf eine mehr als 30j\u00e4hrige Berufserfahrung als Diplom-Gartenbauingenieur und Friedhofsverwalter im Friedhofswesen Berlins zur\u00fcckblicken.Bei der Gestaltung unseres B\u00e4rliner Tierfriedhofes steht die Natur im Vordergrund. Deshalb sollen die Tiergr\u00e4ber mit Pflanzen gestaltet werden. Kunststoffeinfassungen und k\u00fcnstliche&hellip;<\/p>\n","protected":false},"author":1,"featured_media":0,"parent":18,"menu_order":6,"comment_status":"closed","ping_status":"closed","template":"","meta":{"footnotes":""},"class_list":["post-137","page","type-page","status-publish","hentry"],"_links":{"self":[{"href":"https:\/\/tierfriedhof-steglitz.de\/index.php?rest_route=\/wp\/v2\/pages\/137","targetHints":{"allow":["GET"]}}],"collection":[{"href":"https:\/\/tierfriedhof-steglitz.de\/index.php?rest_route=\/wp\/v2\/pages"}],"about":[{"href":"https:\/\/tierfriedhof-steglitz.de\/index.php?rest_route=\/wp\/v2\/types\/page"}],"author":[{"embeddable":true,"href":"https:\/\/tierfriedhof-steglitz.de\/index.php?rest_route=\/wp\/v2\/users\/1"}],"replies":[{"embeddable":true,"href":"https:\/\/tierfriedhof-steglitz.de\/index.php?rest_route=%2Fwp%2Fv2%2Fcomments&post=137"}],"version-history":[{"count":11,"href":"https:\/\/tierfriedhof-steglitz.de\/index.php?rest_route=\/wp\/v2\/pages\/137\/revisions"}],"predecessor-version":[{"id":448,"href":"https:\/\/tierfriedhof-steglitz.de\/index.php?rest_route=\/wp\/v2\/pages\/137\/revisions\/448"}],"up":[{"embeddable":true,"href":"https:\/\/tierfriedhof-steglitz.de\/index.php?rest_route=\/wp\/v2\/pages\/18"}],"wp:attachment":[{"href":"https:\/\/tierfriedhof-steglitz.de\/index.php?rest_route=%2Fwp%2Fv2%2Fmedia&parent=137"}],"curies":[{"name":"wp","href":"https:\/\/api.w.org\/{rel}","templated":true}]}}