{"id":135,"date":"2014-01-30T19:48:09","date_gmt":"2014-01-30T17:48:09","guid":{"rendered":"http:\/\/tierfriedhof-steglitz.de\/?page_id=135"},"modified":"2014-12-31T17:01:08","modified_gmt":"2014-12-31T15:01:08","slug":"dekoration","status":"publish","type":"page","link":"https:\/\/tierfriedhof-steglitz.de\/?page_id=135","title":{"rendered":"Abschiednahme"},"content":{"rendered":"<h3><strong><span style=\"color: #008000;\">Auf dem B\u00e4rliner Tierfriedhof in Steglitz befindet sich im Eingangsbereich ein Holzhaus mit einem Raum f\u00fcr die Abschiednahme. Tierhalter k\u00f6nnen hier von ihrem verstorbenen Haustier in aller Ruhe Abschied nehmen.<\/span><\/strong><\/h3>\n<h3><strong><span style=\"color: #008000;\">Auf Wunsch k\u00f6nnen die verstorbenen Tiere oder die S\u00e4rge mit Blumengestecken dekoriert werden.<br \/>\nVon dem Holzhaus aus werden die Beerdigungen vorgenommen.<\/span><\/strong><\/h3>\n<p><a href=\"http:\/\/tierfriedhof-steglitz.de\/wp-content\/uploads\/Aufbahrung.jpg\"><img loading=\"lazy\" decoding=\"async\" class=\"wp-image-281 alignright\" src=\"http:\/\/tierfriedhof-steglitz.de\/wp-content\/uploads\/Aufbahrung.jpg\" alt=\"Aufbahrung\" width=\"422\" height=\"238\" srcset=\"https:\/\/tierfriedhof-steglitz.de\/wp-content\/uploads\/Aufbahrung.jpg 1024w, https:\/\/tierfriedhof-steglitz.de\/wp-content\/uploads\/Aufbahrung-300x169.jpg 300w, https:\/\/tierfriedhof-steglitz.de\/wp-content\/uploads\/Aufbahrung-460x260.jpg 460w\" sizes=\"auto, (max-width: 422px) 100vw, 422px\" \/><\/a><img loading=\"lazy\" decoding=\"async\" class=\"alignleft\" src=\"http:\/\/tierfriedhof-steglitz.de\/wp-content\/uploads\/Karat.jpg\" alt=\"\" width=\"319\" height=\"239\" \/><\/p>\n","protected":false},"excerpt":{"rendered":"<p>Auf dem B\u00e4rliner Tierfriedhof in Steglitz befindet sich im Eingangsbereich ein Holzhaus mit einem Raum f\u00fcr die Abschiednahme. Tierhalter k\u00f6nnen hier von ihrem verstorbenen Haustier in aller Ruhe Abschied nehmen. Auf Wunsch k\u00f6nnen die verstorbenen Tiere oder die S\u00e4rge mit Blumengestecken dekoriert werden. Von dem Holzhaus aus werden die Beerdigungen vorgenommen.<\/p>\n","protected":false},"author":1,"featured_media":0,"parent":18,"menu_order":2,"comment_status":"closed","ping_status":"closed","template":"","meta":{"footnotes":""},"class_list":["post-135","page","type-page","status-publish","hentry"],"_links":{"self":[{"href":"https:\/\/tierfriedhof-steglitz.de\/index.php?rest_route=\/wp\/v2\/pages\/135","targetHints":{"allow":["GET"]}}],"collection":[{"href":"https:\/\/tierfriedhof-steglitz.de\/index.php?rest_route=\/wp\/v2\/pages"}],"about":[{"href":"https:\/\/tierfriedhof-steglitz.de\/index.php?rest_route=\/wp\/v2\/types\/page"}],"author":[{"embeddable":true,"href":"https:\/\/tierfriedhof-steglitz.de\/index.php?rest_route=\/wp\/v2\/users\/1"}],"replies":[{"embeddable":true,"href":"https:\/\/tierfriedhof-steglitz.de\/index.php?rest_route=%2Fwp%2Fv2%2Fcomments&post=135"}],"version-history":[{"count":6,"href":"https:\/\/tierfriedhof-steglitz.de\/index.php?rest_route=\/wp\/v2\/pages\/135\/revisions"}],"predecessor-version":[{"id":446,"href":"https:\/\/tierfriedhof-steglitz.de\/index.php?rest_route=\/wp\/v2\/pages\/135\/revisions\/446"}],"up":[{"embeddable":true,"href":"https:\/\/tierfriedhof-steglitz.de\/index.php?rest_route=\/wp\/v2\/pages\/18"}],"wp:attachment":[{"href":"https:\/\/tierfriedhof-steglitz.de\/index.php?rest_route=%2Fwp%2Fv2%2Fmedia&parent=135"}],"curies":[{"name":"wp","href":"https:\/\/api.w.org\/{rel}","templated":true}]}}