{"id":13,"date":"2014-01-28T01:49:09","date_gmt":"2014-01-27T23:49:09","guid":{"rendered":"http:\/\/tierfriedhof-steglitz.de\/?page_id=13"},"modified":"2021-02-07T22:19:15","modified_gmt":"2021-02-07T20:19:15","slug":"wir-ueber-uns","status":"publish","type":"page","link":"https:\/\/tierfriedhof-steglitz.de\/?page_id=13","title":{"rendered":"Wir \u00fcber uns"},"content":{"rendered":"<table style=\"border: none;\" width=\"99%\">\n<tbody>\n<tr>\n<td>\n<table style=\"border: none;\" width=\"99%\">\n<tbody>\n<tr>\n<td><img loading=\"lazy\" decoding=\"async\" class=\"alignnone size-full wp-image-75\" src=\"http:\/\/tierfriedhof-steglitz.de\/wp-content\/uploads\/Mama.jpg\" alt=\"Mama\" width=\"75\" height=\"218\" \/><br \/>\n<span style=\"color: #008000;\">Karin Mitschke<\/span><\/p>\n<h6><span style=\"color: #ff00ff;\"><strong><em>In Loving Memory:<\/em><\/strong><\/span><\/h6>\n<h6><span style=\"color: #ff00ff;\"><strong><em>Karin Mitschke<\/em><\/strong><\/span><\/h6>\n<h6><span style=\"color: #ff00ff;\"><strong><em>1942 &#8211; 2018<\/em><\/strong><\/span><\/h6>\n<\/td>\n<\/tr>\n<tr>\n<td><img loading=\"lazy\" decoding=\"async\" class=\"alignnone size-full wp-image-76\" src=\"http:\/\/tierfriedhof-steglitz.de\/wp-content\/uploads\/Papa.jpg\" alt=\"Papa\" width=\"75\" height=\"111\" \/><br \/>\n<span style=\"color: #008000;\">Dipl.-Ing.<\/span><br \/>\n<span style=\"color: #008000;\"> Richard Mitschke<\/span><\/td>\n<\/tr>\n<tr>\n<td><img loading=\"lazy\" decoding=\"async\" class=\"alignnone size-full wp-image-77\" src=\"http:\/\/tierfriedhof-steglitz.de\/wp-content\/uploads\/Steffie.jpg\" alt=\"Steffie\" width=\"75\" height=\"92\" \/><br \/>\n<span style=\"color: #008000;\">Stephanie Mitschke<\/span><\/td>\n<\/tr>\n<\/tbody>\n<\/table>\n<\/td>\n<td style=\"vertical-align: top;\"><span style=\"color: #008000;\"><strong>B\u00e4rolina Haustierbestattungen wurde von mir, Karin Mitschke, im Jahre 2005 gegr\u00fcndet, um Berliner &amp; Brandenburger Tierhaltern die M\u00f6glichkeit zu geben, ihre \u00fcber alles geliebten, verstorbenen Haustiere w\u00fcrdevoll auf einem Tierfriedhof bestatten oder in einem anerkannten Tierkrematorium ein\u00e4schern lassen zu k\u00f6nnen.<\/strong><\/span><span style=\"color: #008000;\">\u00a0<\/span><span style=\"color: #008000;\">\u00a0<\/span><span style=\"color: #008000;\"><strong>Mit meinem Ehemann, dem Friedhofsverwalter i.R., Dipl.- Gartenbauing. Richard Mitschke k\u00f6nnen wir auf eine 30j\u00e4hrige Berufserfahrung im Friedhofs- und Bestattungswesen Berlins zur\u00fcck blicken.<\/strong><\/span><\/p>\n<p><span style=\"color: #008000;\"><strong>Seit 1996 planen wir in Berlin die Einrichtung von stadtteilnahen Tierfriedh\u00f6fen.<\/strong><\/span><\/p>\n<p><span style=\"color: #008000;\"><strong>Aus eigener leidvoller Erfahrung beim Tod unseres geliebten Dobermanns &#8222;Raven&#8220; im Herbst 2002 m\u00f6chten wir allen Tierhaltern in den schweren Stunden mit Rat und Hilfe zur Seite stehen.<\/strong><\/span><\/p>\n<h3><\/h3>\n<p><span style=\"color: #008000;\"><strong>Im April 2007 konnten wir am Rande des landeseigenen Friedhofes Steglitz, Bergstra\u00dfe unseren eigenen<\/strong><\/span><\/p>\n<h3 style=\"text-align: center;\"><span style=\"color: #008000;\"><strong>B\u00e4rliner Tierfriedhof<\/strong><\/span><br \/>\n<span style=\"color: #008000;\"> <strong> Bismarckstra\u00dfe 52<\/strong><\/span><br \/>\n<span style=\"color: #008000;\"> <strong> 12169 Berlin &#8211; Steglitz<\/strong><\/span><\/h3>\n<p><span style=\"color: #008000;\"><strong>er\u00f6ffnen. Diesen m\u00f6chten wir Ihnen auf den folgenden Seiten vorstellen und Ihnen einen \u00dcberblick \u00fcber unsere Dienstleistugen geben.<\/strong><\/span><\/p>\n<p>Bei uns wird Datenschutz ernst genommen. Wir verwenden Ihre Daten ausschlie\u00dflich zur Abwicklung Ihres Auftrages und f\u00fcr Ihre Informationen rund um Ihrer Grabst\u00e4tte. Dies umfa\u00dft z. B. den Ablauf des Nutzungsrechtes incl. Informationen \u00fcber Verl\u00e4ngerungsm\u00f6glichkeiten oder Angebote z. B. bez\u00fcglich Grabpflege oder \u00e4hnliches. Hierf\u00fcr werden Ihre Daten elektronisch gespeichert.<\/p>\n<p>Eine Weitergabe Ihrer Daten an Dritte ohne Ihren ausdr\u00fccklichen Wunsch erfolgt nicht. Ausgenommen von dieser Weitergabe sind Stellen und Beh\u00f6rden, die die Daten z. B. auf gesetzlichen Grundlagen ben\u00f6tigen, z. B. Finanzamt oder Steuerberater.<\/p>\n<p>Bei Auftragserteilung erkl\u00e4rt sich der Auftraggeber ausdr\u00fccklich mit der Speicherung seiner Daten zu den oben angegebenen Zwecken einverstanden.<\/td>\n<\/tr>\n<\/tbody>\n<\/table>\n","protected":false},"excerpt":{"rendered":"<p>Karin Mitschke In Loving Memory: Karin Mitschke 1942 &#8211; 2018 Dipl.-Ing. Richard Mitschke Stephanie Mitschke B\u00e4rolina Haustierbestattungen wurde von mir, Karin Mitschke, im Jahre 2005 gegr\u00fcndet, um Berliner &amp; Brandenburger Tierhaltern die M\u00f6glichkeit zu geben, ihre \u00fcber alles geliebten, verstorbenen Haustiere w\u00fcrdevoll auf einem Tierfriedhof bestatten oder in einem anerkannten Tierkrematorium ein\u00e4schern lassen zu k\u00f6nnen.\u00a0\u00a0Mit&hellip;<\/p>\n","protected":false},"author":1,"featured_media":0,"parent":35,"menu_order":2,"comment_status":"closed","ping_status":"closed","template":"","meta":{"footnotes":""},"class_list":["post-13","page","type-page","status-publish","hentry"],"_links":{"self":[{"href":"https:\/\/tierfriedhof-steglitz.de\/index.php?rest_route=\/wp\/v2\/pages\/13","targetHints":{"allow":["GET"]}}],"collection":[{"href":"https:\/\/tierfriedhof-steglitz.de\/index.php?rest_route=\/wp\/v2\/pages"}],"about":[{"href":"https:\/\/tierfriedhof-steglitz.de\/index.php?rest_route=\/wp\/v2\/types\/page"}],"author":[{"embeddable":true,"href":"https:\/\/tierfriedhof-steglitz.de\/index.php?rest_route=\/wp\/v2\/users\/1"}],"replies":[{"embeddable":true,"href":"https:\/\/tierfriedhof-steglitz.de\/index.php?rest_route=%2Fwp%2Fv2%2Fcomments&post=13"}],"version-history":[{"count":18,"href":"https:\/\/tierfriedhof-steglitz.de\/index.php?rest_route=\/wp\/v2\/pages\/13\/revisions"}],"predecessor-version":[{"id":529,"href":"https:\/\/tierfriedhof-steglitz.de\/index.php?rest_route=\/wp\/v2\/pages\/13\/revisions\/529"}],"up":[{"embeddable":true,"href":"https:\/\/tierfriedhof-steglitz.de\/index.php?rest_route=\/wp\/v2\/pages\/35"}],"wp:attachment":[{"href":"https:\/\/tierfriedhof-steglitz.de\/index.php?rest_route=%2Fwp%2Fv2%2Fmedia&parent=13"}],"curies":[{"name":"wp","href":"https:\/\/api.w.org\/{rel}","templated":true}]}}