{"id":125,"date":"2014-01-30T19:45:50","date_gmt":"2014-01-30T17:45:50","guid":{"rendered":"http:\/\/tierfriedhof-steglitz.de\/?page_id=125"},"modified":"2022-06-06T20:47:08","modified_gmt":"2022-06-06T18:47:08","slug":"tiersaerge","status":"publish","type":"page","link":"https:\/\/tierfriedhof-steglitz.de\/?page_id=125","title":{"rendered":"Tiers\u00e4rge"},"content":{"rendered":"<p><center><strong>\u00a0<\/strong><\/center><img loading=\"lazy\" decoding=\"async\" class=\"wp-image-162 alignleft\" src=\"http:\/\/tierfriedhof-steglitz.de\/wp-content\/uploads\/Mustersarg.jpg\" alt=\"OLYMPUS DIGITAL CAMERA\" width=\"151\" height=\"133\" srcset=\"https:\/\/tierfriedhof-steglitz.de\/wp-content\/uploads\/Mustersarg.jpg 151w, https:\/\/tierfriedhof-steglitz.de\/wp-content\/uploads\/Mustersarg-150x133.jpg 150w\" sizes=\"auto, (max-width: 151px) 100vw, 151px\" \/><strong><span style=\"color: #008000;\">Unsere &#8222;B\u00e4rolina &#8211; Tiers\u00e4rge&#8220; lassen wir nach unserer Idee und Entwurf aus massivem Kiefernholz in handwerklicher Qualit\u00e4t in einer Tischlerei anfertigen. Alle S\u00e4rge sind fein geschliffen und naturbelassen.<\/span><\/strong><\/p>\n<p><strong><span style=\"color: #008000;\">Unsere B\u00e4rolina-Tiers\u00e4rge sind in folgenden Gr\u00f6\u00dfen lieferbar :<\/span><\/strong><\/p>\n<table>\n<tbody>\n<tr>\n<td width=\"200\"><strong><span style=\"color: #008000;\">Ma\u00dfe in cm<\/span><\/strong><\/td>\n<td><strong><span style=\"color: #008000;\">Tierart<\/span><\/strong><\/td>\n<td width=\"200\"><strong><span style=\"color: #008000;\">Preis ab<\/span><\/strong><\/td>\n<\/tr>\n<tr>\n<td><strong><span style=\"color: #008000;\">45 x 30 x 20<\/span><\/strong><\/td>\n<td><strong><span style=\"color: #008000;\">Hase, Kaninchen, Katze, sehr kleine Hunde<\/span><\/strong><\/td>\n<td><strong><span style=\"color: #008000;\">120,00 \u20ac<\/span><\/strong><\/td>\n<\/tr>\n<tr>\n<td><strong><span style=\"color: #008000;\">65 x 35 x 25<\/span><\/strong><\/td>\n<td><strong><span style=\"color: #008000;\">kleine Hunderassen<\/span><\/strong><\/td>\n<td><strong><span style=\"color: #008000;\">140,00 \u20ac<\/span><\/strong><\/td>\n<\/tr>\n<tr>\n<td><strong><span style=\"color: #008000;\">85 x 50 x 30<\/span><\/strong><\/td>\n<td><strong><span style=\"color: #008000;\">mittelgro\u00dfe Hunderassen<\/span><\/strong><\/td>\n<td><strong><span style=\"color: #008000;\">180,00 \u20ac<\/span><\/strong><\/td>\n<\/tr>\n<tr>\n<td><strong><span style=\"color: #008000;\">105 x 50 x 40<\/span><\/strong><\/td>\n<td><strong><span style=\"color: #008000;\">gro\u00dfe Hunderassen<\/span><\/strong><\/td>\n<td><strong><span style=\"color: #008000;\">220,00 \u20ac<\/span><\/strong><\/td>\n<\/tr>\n<\/tbody>\n<\/table>\n<p><strong>\u00a0<\/strong><\/p>\n<p><a id=\"set-post-thumbnail\" class=\"thickbox\" title=\"Beitragsbild festlegen\" href=\"http:\/\/tierfriedhof-steglitz.de\/wp-admin\/media-upload.php?post_id=125&amp;type=image&amp;TB_iframe=1\"><img loading=\"lazy\" decoding=\"async\" class=\"attachment-post-thumbnail alignright\" src=\"http:\/\/tierfriedhof-steglitz.de\/wp-content\/uploads\/Tiersarg_Karton_wei%C3%9F1-200x126.jpg\" alt=\"Kleiner Tiersarg ca. 60 x 30 cm\" width=\"200\" height=\"126\" \/><\/a><strong><span style=\"color: #008000;\">Ferner bieten wir Ihnen Tiers\u00e4rge verschiedener Hersteller aus wei\u00dfen oder dunklem Karton\u00a0 zu g\u00fcnstigen Preisen an.\u00a0 Tiers\u00e4rge aus wei\u00dfem Karton bieten sich auch als Rohling zur eigenen Bemahlung, Gestaltung und Ausstattung an.<\/span><\/strong><\/p>\n<table>\n<tbody>\n<tr>\n<td width=\"200\"><strong><span style=\"color: #008000;\">Ma\u00dfe in cm<\/span><\/strong><\/td>\n<td><strong><span style=\"color: #008000;\">Tierart<\/span><\/strong><\/td>\n<td width=\"200\"><strong><span style=\"color: #008000;\">Preis ab (wei\u00df)<\/span><\/strong><\/td>\n<td><\/td>\n<\/tr>\n<tr>\n<td><strong><span style=\"color: #008000;\">40 x 30 x 18<\/span><\/strong><\/td>\n<td><strong><span style=\"color: #008000;\">Hase, Kaninchen, Katze, sehr kleine Hunde<\/span><\/strong><\/td>\n<td><strong><span style=\"color: #008000;\">40,00 \u20ac<\/span><\/strong><\/td>\n<td><\/td>\n<\/tr>\n<tr>\n<td><strong><span style=\"color: #008000;\">50 x 40 x 20<\/span><\/strong><\/td>\n<td><strong><span style=\"color: #008000;\">kleine Hunderassen<\/span><\/strong><\/td>\n<td><strong><span style=\"color: #008000;\">60,00 \u20ac<\/span><\/strong><\/td>\n<td><\/td>\n<\/tr>\n<tr>\n<td><strong><span style=\"color: #008000;\">80 x 40 x 25<\/span><\/strong><\/td>\n<td><strong><span style=\"color: #008000;\">mittelgro\u00dfe Hunderassen<\/span><\/strong><\/td>\n<td><strong><span style=\"color: #008000;\">80,00 \u20ac<\/span><\/strong><\/td>\n<td><\/td>\n<\/tr>\n<tr>\n<td><strong><span style=\"color: #008000;\">105 x 50 x 30<\/span><\/strong><\/td>\n<td><strong><span style=\"color: #008000;\">gro\u00dfe Hunderassen<\/span><\/strong><\/td>\n<td><strong><span style=\"color: #008000;\">120,00 \u20ac<\/span><\/strong><\/td>\n<td><\/td>\n<\/tr>\n<\/tbody>\n<\/table>\n<table width=\"700\">\n<tbody>\n<tr>\n<td width=\"400\"><img loading=\"lazy\" decoding=\"async\" class=\"alignnone size-medium wp-image-167\" src=\"http:\/\/tierfriedhof-steglitz.de\/wp-content\/uploads\/Lilly-300x184.jpg\" alt=\"Lilly\" width=\"300\" height=\"184\" \/><\/td>\n<td style=\"vertical-align: top;\"><strong><span style=\"color: #008000;\">&#8222;Lilly liegt &#8222;in ung\u00fcnstiger Seitlage. Die L\u00e4ufe sind weit vom K\u00f6rper abgestellt. Nach Eintritt des Todes tritt rasch die &#8222;Totenstarre&#8220; ein und das verstorbene Haustier kann nicht mehr in einen Tiersarg gebettet werden. Auch der Transport wird schwierig und bei einer Beerdigung im Baumwolltuch muss das Grab entsprechend gr\u00f6\u00dfer sein.<\/span><\/strong><\/td>\n<\/tr>\n<tr>\n<td><a href=\"http:\/\/tierfriedhof-steglitz.de\/wp-content\/uploads\/Sarglage_Lilly_08-03-30.jpg\"><img loading=\"lazy\" decoding=\"async\" class=\"alignnone size-medium wp-image-295\" src=\"http:\/\/tierfriedhof-steglitz.de\/wp-content\/uploads\/Sarglage_Lilly_08-03-30-300x196.jpg\" alt=\"OLYMPUS DIGITAL CAMERA\" width=\"300\" height=\"196\" srcset=\"https:\/\/tierfriedhof-steglitz.de\/wp-content\/uploads\/Sarglage_Lilly_08-03-30-300x196.jpg 300w, https:\/\/tierfriedhof-steglitz.de\/wp-content\/uploads\/Sarglage_Lilly_08-03-30.jpg 982w\" sizes=\"auto, (max-width: 300px) 100vw, 300px\" \/><\/a><\/td>\n<td style=\"vertical-align: top;\"><strong><span style=\"color: #008000;\">&#8222;Lilly schl\u00e4ft&#8220;in g\u00fcnstiger, eingerollter Bauchlage. Die L\u00e4ufe liegen eng am K\u00f6rper an, der Kopf ist zur Schulter hin eingedreht. In dieser Lage kann das verstorbene Haustier sehr leicht in einem Tiersarg eingebettet und beerdigt werden. Auch die Grabgr\u00f6\u00dfe kann entsprechend geringer gew\u00e4hlt werden.<\/span><\/strong><\/td>\n<\/tr>\n<tr>\n<td><a href=\"http:\/\/tierfriedhof-steglitz.de\/wp-content\/uploads\/Sarglage_Katze.jpg\"><img loading=\"lazy\" decoding=\"async\" class=\"alignnone size-medium wp-image-296\" src=\"http:\/\/tierfriedhof-steglitz.de\/wp-content\/uploads\/Sarglage_Katze-300x187.jpg\" alt=\"Sarglage_Katze\" width=\"300\" height=\"187\" srcset=\"https:\/\/tierfriedhof-steglitz.de\/wp-content\/uploads\/Sarglage_Katze-300x187.jpg 300w, https:\/\/tierfriedhof-steglitz.de\/wp-content\/uploads\/Sarglage_Katze.jpg 603w\" sizes=\"auto, (max-width: 300px) 100vw, 300px\" \/><\/a><\/td>\n<td style=\"vertical-align: top;\"><strong><span style=\"color: #008000;\">&#8222;Mietze ruht&#8220;sich auf ihren Pfoten aus. Katzen, Hasen, Kaninchen und kleine Hunderassen k\u00f6nnen in dieser Lage gut in ihrem Transportkorb bef\u00f6rdert werden. In dieser Lage k\u00f6nnen sie im Baumwolltuch ( Kopfkissen \/ Handtuch ) in einer kleinen Grabst\u00e4tte kosteng\u00fcnstig beerdigt werden.<\/span><\/strong><\/td>\n<\/tr>\n<\/tbody>\n<\/table>\n","protected":false},"excerpt":{"rendered":"<p>\u00a0Unsere &#8222;B\u00e4rolina &#8211; Tiers\u00e4rge&#8220; lassen wir nach unserer Idee und Entwurf aus massivem Kiefernholz in handwerklicher Qualit\u00e4t in einer Tischlerei anfertigen. Alle S\u00e4rge sind fein geschliffen und naturbelassen. Unsere B\u00e4rolina-Tiers\u00e4rge sind in folgenden Gr\u00f6\u00dfen lieferbar : Ma\u00dfe in cm Tierart Preis ab 45 x 30 x 20 Hase, Kaninchen, Katze, sehr kleine Hunde 120,00 \u20ac&hellip;<\/p>\n","protected":false},"author":1,"featured_media":252,"parent":18,"menu_order":1,"comment_status":"closed","ping_status":"closed","template":"","meta":{"footnotes":""},"class_list":["post-125","page","type-page","status-publish","has-post-thumbnail","hentry"],"_links":{"self":[{"href":"https:\/\/tierfriedhof-steglitz.de\/index.php?rest_route=\/wp\/v2\/pages\/125","targetHints":{"allow":["GET"]}}],"collection":[{"href":"https:\/\/tierfriedhof-steglitz.de\/index.php?rest_route=\/wp\/v2\/pages"}],"about":[{"href":"https:\/\/tierfriedhof-steglitz.de\/index.php?rest_route=\/wp\/v2\/types\/page"}],"author":[{"embeddable":true,"href":"https:\/\/tierfriedhof-steglitz.de\/index.php?rest_route=\/wp\/v2\/users\/1"}],"replies":[{"embeddable":true,"href":"https:\/\/tierfriedhof-steglitz.de\/index.php?rest_route=%2Fwp%2Fv2%2Fcomments&post=125"}],"version-history":[{"count":40,"href":"https:\/\/tierfriedhof-steglitz.de\/index.php?rest_route=\/wp\/v2\/pages\/125\/revisions"}],"predecessor-version":[{"id":602,"href":"https:\/\/tierfriedhof-steglitz.de\/index.php?rest_route=\/wp\/v2\/pages\/125\/revisions\/602"}],"up":[{"embeddable":true,"href":"https:\/\/tierfriedhof-steglitz.de\/index.php?rest_route=\/wp\/v2\/pages\/18"}],"wp:featuredmedia":[{"embeddable":true,"href":"https:\/\/tierfriedhof-steglitz.de\/index.php?rest_route=\/wp\/v2\/media\/252"}],"wp:attachment":[{"href":"https:\/\/tierfriedhof-steglitz.de\/index.php?rest_route=%2Fwp%2Fv2%2Fmedia&parent=125"}],"curies":[{"name":"wp","href":"https:\/\/api.w.org\/{rel}","templated":true}]}}