{"id":122,"date":"2014-01-30T19:43:53","date_gmt":"2014-01-30T17:43:53","guid":{"rendered":"http:\/\/tierfriedhof-steglitz.de\/?page_id=122"},"modified":"2025-10-31T13:19:35","modified_gmt":"2025-10-31T11:19:35","slug":"tierfriedhof-steglitz","status":"publish","type":"page","link":"https:\/\/tierfriedhof-steglitz.de\/?page_id=122","title":{"rendered":"Der B\u00e4rliner Tierfriedhof Steglitz"},"content":{"rendered":"<p><a href=\"http:\/\/tierfriedhof-steglitz.de\/wp-content\/uploads\/Tierfriedhof-Steglitz.jpg\"><img loading=\"lazy\" decoding=\"async\" class=\"wp-image-287 alignleft\" src=\"http:\/\/tierfriedhof-steglitz.de\/wp-content\/uploads\/Tierfriedhof-Steglitz-150x149.jpg\" alt=\"Tierfriedhof Steglitz\" width=\"268\" height=\"266\" srcset=\"https:\/\/tierfriedhof-steglitz.de\/wp-content\/uploads\/Tierfriedhof-Steglitz-150x149.jpg 150w, https:\/\/tierfriedhof-steglitz.de\/wp-content\/uploads\/Tierfriedhof-Steglitz-50x50.jpg 50w\" sizes=\"auto, (max-width: 268px) 100vw, 268px\" \/><\/a><strong><span style=\"color: #008000;\">befindet sich in der Bismarckstra\u00dfe 52\u00a0 in 12169 Berlin-Steglitz, <\/span><span style=\"color: #008000;\">und ist verkehrsm\u00e4\u00dfig g\u00fcnstig\u00a0 mit der U9 bis Walter-Schreiber-Platz, mit der S1 bis Feuerbachstra\u00dfe und weiter mit dem Bus 181 bis Selerweg zu erreichen.<br \/>\nAuch mit der S2 \/S25 bis Priesterweg, dem Bus 170 bis Bismarckstra\u00dfe und dem 181 bis Selerweg ist der B\u00e4rliner Tierfriedhof gut zu erreichen.<br \/>\nDie Haltestellen befinden sich direkt vor dem Tierfriedhof.<\/span><\/strong><\/p>\n<p style=\"text-align: left;\"><strong><span style=\"color: #008000;\">Unser Tierfriedhof ist t\u00e4glich bei Tageslicht ge\u00f6ffnet: im Sommer ca. 6.oo bis 21.oo Uhr, im Winter ca. 8.oo bis 16.00 Uhr.<\/span><\/strong><\/p>\n<p style=\"text-align: left;\"><strong><span style=\"color: #008000;\">Auf dem B\u00e4rliner Tierfriedhof bieten wir unterschiedlich Beerdigungm\u00f6glichkeiten f\u00fcr verstorbene Haustiere an:<\/span><\/strong><\/p>\n<h3><a href=\"http:\/\/tierfriedhof-steglitz.de\/wp-content\/uploads\/TK-Sommer-005.jpg\"><img loading=\"lazy\" decoding=\"async\" class=\"wp-image-269 alignleft\" src=\"http:\/\/tierfriedhof-steglitz.de\/wp-content\/uploads\/TK-Sommer-005.jpg\" alt=\"Streuwiese\" width=\"333\" height=\"225\" srcset=\"https:\/\/tierfriedhof-steglitz.de\/wp-content\/uploads\/TK-Sommer-005.jpg 2225w, https:\/\/tierfriedhof-steglitz.de\/wp-content\/uploads\/TK-Sommer-005-300x202.jpg 300w, https:\/\/tierfriedhof-steglitz.de\/wp-content\/uploads\/TK-Sommer-005-1024x691.jpg 1024w\" sizes=\"auto, (max-width: 333px) 100vw, 333px\" \/><\/a><strong><span style=\"color: #008000;\">Gemeinschaftsgrabanlage &#8222;Waldwiese&#8220;<\/span><\/strong><\/h3>\n<p><strong><span style=\"color: #008000;\">Auf der &#8222;Waldwiese&#8220; sind die Gr\u00e4ber der verstorbenen Haustiere schachbrettartig nebeneinander in einem Rasen- &amp; Wildblumenfeld (anonyme Beerdigung) angeordnet. Die verstorbenen Haustiere werden im Beisein des Tierhalters zur letzten Ruhe gebettet. Ein Nutzungsrecht oder eine individuelle Grabanlage und Grabpflege entf\u00e4llt. Die Beerdigungen k\u00f6nnen kurzfristig, meist am Sterbetag nachmittags, abends oder nachts erfolgen. Aufgrund unserer 40 j\u00e4hrigen Erfahrung im Friedhofswesen k\u00f6nnen wir eine individuelle w\u00fcrdige Beerdigung Ihres vorstorbenen Haustieres gew\u00e4hrleisten.<\/span><\/strong><\/p>\n<table>\n<tbody>\n<tr>\n<td width=\"600\"><strong><span style=\"color: #008000;\">Grabgr\u00f6\u00dfe<\/span><\/strong><\/td>\n<td><strong><span style=\"color: #008000;\">Kosten insgesamt in Euro<\/span><\/strong><\/td>\n<\/tr>\n<tr>\n<td><strong><span style=\"color: #008000;\">Kleinsttiere (Hamster, V\u00f6gel, Meerschweinchen) bis1,o Kg f\u00fcr Kinder (Taschengeld-Tarif)<br \/>\n<\/span><\/strong><\/td>\n<td><strong><span style=\"color: #008000;\">50,00<\/span><\/strong><\/td>\n<\/tr>\n<tr>\n<td><strong><span style=\"color: #008000;\">Kleintiere (kleine Katzen, Hasen, Kaninchen, sehr kl. Hunderassen) bis 5 Kg<\/span><\/strong><\/td>\n<td><strong><span style=\"color: #008000;\">115,00 \u20ac<\/span><\/strong><\/td>\n<\/tr>\n<tr>\n<td><strong><span style=\"color: #008000;\">kleine Haustiere ( Katzen, kl. Hunde) bis 10 Kg<\/span><\/strong><\/td>\n<td><strong><span style=\"color: #008000;\">145,00 \u20ac<\/span><\/strong><\/td>\n<\/tr>\n<tr>\n<td><strong><span style=\"color: #008000;\">mittlere Haustiere ( mittel gro\u00dfe Hunderassen ) bis 20 Kg<\/span><\/strong><\/td>\n<td><strong><span style=\"color: #008000;\">195,00 \u20ac<\/span><\/strong><\/td>\n<\/tr>\n<tr>\n<td><strong><span style=\"color: #008000;\">gro\u00dfe Haustiere ( gro\u00dfe Hunderassen ) bis 40 Kg<\/span><\/strong><\/td>\n<td><strong><span style=\"color: #008000;\">215,00 \u20ac<\/span><\/strong><\/td>\n<\/tr>\n<tr>\n<td><strong><span style=\"color: #008000;\">sehr gro\u00dfe Haustiere ( sehr gro\u00dfe Hunderassen ) bis 70 Kg<\/span><\/strong><\/td>\n<td><strong><span style=\"color: #008000;\">235,00 \u20ac<\/span><\/strong><\/td>\n<\/tr>\n<tr>\n<td><strong><span style=\"color: #008000;\">Abholung des verstorbenen Haustieres beim Tierhalter, Tierarzt, Tierklinik im Stadtgebiet Berlin zuz\u00fcgl.<br \/>\n<\/span><\/strong><\/td>\n<td><strong><span style=\"color: #008000;\">80,00 \u20ac<\/span><\/strong><\/td>\n<\/tr>\n<tr>\n<td><strong><span style=\"color: #008000;\">Abholung des verstorbenen Haustieres beim Tierhalter, Tierarzt, Tierklinik au\u00dferhalb Berlins zuz\u00fcglich<br \/>\n<\/span><\/strong><\/td>\n<td><strong><span style=\"color: #008000;\">je Km 1,50 \u20ac<\/span><\/strong><\/td>\n<\/tr>\n<\/tbody>\n<\/table>\n<h3><strong><span style=\"color: #008000;\">Die Beerdigung in Wahlgrabst\u00e4tten<br \/>\nwerden f\u00fcr verstorbene Haustiere\u00a0 in unterschiedlicher Gr\u00f6\u00dfe, in sonniger oder schattiger Lage angeboten. Wahlgr\u00e4ber k\u00f6nnen individuell angelegt und gepflegt werden. Die Nutzungsdauer betr\u00e4gt zun\u00e4chst 2 Jahre und kann gegen Entgelt verl\u00e4ngert werden.<\/span><\/strong><\/h3>\n<p><img loading=\"lazy\" decoding=\"async\" class=\"aligncenter\" src=\"http:\/\/tierfriedhof-steglitz.de\/wp-content\/uploads\/Ravens-Grab.jpg\" alt=\"Ravens-Grab\" width=\"800\" height=\"415\" \/><\/p>\n<table>\n<tbody>\n<tr>\n<td width=\"100\"><strong><span style=\"color: #008000;\">Grabgr\u00f6\u00dfe<\/span><\/strong><\/td>\n<td><strong><span style=\"color: #008000;\">Nutzungsentgelt<\/span><\/strong><\/td>\n<td><strong><span style=\"color: #008000;\">Beerdigungskosten<\/span><\/strong><\/td>\n<td><strong><span style=\"color: #008000;\">Gesamtpeis<\/span><\/strong><\/td>\n<\/tr>\n<tr>\n<td><strong><span style=\"color: #008000;\">30 x 80 cm<\/span><\/strong><\/td>\n<td><strong><span style=\"color: #008000;\">125,00 \u20ac<\/span><\/strong><\/td>\n<td><strong><span style=\"color: #008000;\">105,00 \u20ac<\/span><\/strong><\/td>\n<td><strong><span style=\"color: #008000;\">230,00 \u20ac<\/span><\/strong><\/td>\n<\/tr>\n<tr>\n<td><strong><span style=\"color: #008000;\">60 x 80 cm<\/span><\/strong><\/td>\n<td><strong><span style=\"color: #008000;\">175,00 \u20ac<\/span><\/strong><\/td>\n<td><strong><span style=\"color: #008000;\">120,00 \u20ac<\/span><\/strong><\/td>\n<td><strong><span style=\"color: #008000;\">295,00 \u20ac<\/span><\/strong><\/td>\n<\/tr>\n<tr>\n<td><strong><span style=\"color: #008000;\">90 x 80 cm<\/span><\/strong><\/td>\n<td><strong><span style=\"color: #008000;\">225,00 \u20ac<\/span><\/strong><\/td>\n<td><strong><span style=\"color: #008000;\">135,00 \u20ac<\/span><\/strong><\/td>\n<td><strong><span style=\"color: #008000;\">360,00 \u20ac<\/span><\/strong><\/td>\n<\/tr>\n<tr>\n<td><strong><span style=\"color: #008000;\">120 x 80 cm<\/span><\/strong><\/td>\n<td><strong><span style=\"color: #008000;\">275,00 \u20ac<\/span><\/strong><\/td>\n<td><strong><span style=\"color: #008000;\">165,00 \u20ac<\/span><\/strong><\/td>\n<td><strong><span style=\"color: #008000;\">440,00\u20ac<\/span><\/strong><\/td>\n<\/tr>\n<tr>\n<td><strong><span style=\"color: #008000;\">150 x 80 cm<\/span><\/strong><\/td>\n<td><strong><span style=\"color: #008000;\">325,00 \u20ac<\/span><\/strong><\/td>\n<td><strong><span style=\"color: #008000;\">195,00 \u20ac<\/span><\/strong><\/td>\n<td><strong><span style=\"color: #008000;\">520,00 \u20ac<\/span><\/strong><\/td>\n<\/tr>\n<tr>\n<td colspan=\"3\"><strong><span style=\"color: #008000;\">Abholung des verstorbenen Haustieres beim Tierhalter, Tierarzt oder Tierklinik im Stadtgebiet Berlins zuz\u00fcgl.<br \/>\n<\/span><\/strong><\/td>\n<td><strong><span style=\"color: #008000;\">80,00 \u20ac<\/span><\/strong><\/td>\n<\/tr>\n<tr>\n<td colspan=\"3\"><strong><span style=\"color: #008000;\">Abholung des verstorbenen Haustieres beim Tierhalter, Tierarzt oder Tierklinik au\u00dferhalb Berlins zuz\u00fcglich<br \/>\n<\/span><\/strong><\/td>\n<td><strong><span style=\"color: #008000;\">je Km 1,50\u20ac<\/span><\/strong><\/td>\n<\/tr>\n<\/tbody>\n<\/table>\n<p><strong><span style=\"color: #008000;\">Bitte beachten Sie bei Preisvergleichen, dass unsere Preise Kunden-Endpreise incl. Betriebskosten &amp; gesetzl. MwSt sind.<\/span><\/strong><br \/>\n<strong><span style=\"color: #008000;\">Wir m\u00f6chten durch die Qualit\u00e4t unserer Arbeit zu g\u00fcnstigen Preisen \u00fcberzeugen, nicht durch Zahlungen von Provisionen .<br \/>\n<\/span><\/strong><\/p>\n","protected":false},"excerpt":{"rendered":"<p>befindet sich in der Bismarckstra\u00dfe 52\u00a0 in 12169 Berlin-Steglitz, und ist verkehrsm\u00e4\u00dfig g\u00fcnstig\u00a0 mit der U9 bis Walter-Schreiber-Platz, mit der S1 bis Feuerbachstra\u00dfe und weiter mit dem Bus 181 bis Selerweg zu erreichen. Auch mit der S2 \/S25 bis Priesterweg, dem Bus 170 bis Bismarckstra\u00dfe und dem 181 bis Selerweg ist der B\u00e4rliner Tierfriedhof gut&hellip;<\/p>\n","protected":false},"author":1,"featured_media":0,"parent":18,"menu_order":0,"comment_status":"closed","ping_status":"closed","template":"","meta":{"footnotes":""},"class_list":["post-122","page","type-page","status-publish","hentry"],"_links":{"self":[{"href":"https:\/\/tierfriedhof-steglitz.de\/index.php?rest_route=\/wp\/v2\/pages\/122","targetHints":{"allow":["GET"]}}],"collection":[{"href":"https:\/\/tierfriedhof-steglitz.de\/index.php?rest_route=\/wp\/v2\/pages"}],"about":[{"href":"https:\/\/tierfriedhof-steglitz.de\/index.php?rest_route=\/wp\/v2\/types\/page"}],"author":[{"embeddable":true,"href":"https:\/\/tierfriedhof-steglitz.de\/index.php?rest_route=\/wp\/v2\/users\/1"}],"replies":[{"embeddable":true,"href":"https:\/\/tierfriedhof-steglitz.de\/index.php?rest_route=%2Fwp%2Fv2%2Fcomments&post=122"}],"version-history":[{"count":27,"href":"https:\/\/tierfriedhof-steglitz.de\/index.php?rest_route=\/wp\/v2\/pages\/122\/revisions"}],"predecessor-version":[{"id":624,"href":"https:\/\/tierfriedhof-steglitz.de\/index.php?rest_route=\/wp\/v2\/pages\/122\/revisions\/624"}],"up":[{"embeddable":true,"href":"https:\/\/tierfriedhof-steglitz.de\/index.php?rest_route=\/wp\/v2\/pages\/18"}],"wp:attachment":[{"href":"https:\/\/tierfriedhof-steglitz.de\/index.php?rest_route=%2Fwp%2Fv2%2Fmedia&parent=122"}],"curies":[{"name":"wp","href":"https:\/\/api.w.org\/{rel}","templated":true}]}}